{"id":1438,"date":"2017-03-09T11:40:29","date_gmt":"2017-03-09T10:40:29","guid":{"rendered":"http:\/\/www.champagne-leroy-montgueux.com\/mentions-legales\/"},"modified":"2019-05-29T17:13:02","modified_gmt":"2019-05-29T15:13:02","slug":"mentions-legales","status":"publish","type":"page","link":"http:\/\/www.champagne-leroy-montgueux.com\/en\/mentions-legales\/","title":{"rendered":"Mentions l\u00e9gales"},"content":{"rendered":"[vc_row section_mode=&#8221;full-screen&#8221; bg_mode=&#8221;custom_image_bg&#8221; image=&#8221;667&#8243; bg_position=&#8221;center center&#8221; bg_repeat=&#8221;stretch&#8221; detect_contrast=&#8221;dark-detect&#8221; bg_attachment=&#8221;fixed&#8221; section_class=&#8221;entete-bloc&#8221;][vc_column el_class=&#8221;home-bloc-col&#8221;][az_column_text]\n<div class=\"entete-bloc-description\">\n<p>Champagne Leroy-Meirhaeghe<\/p>\n<h1>Mentions l\u00e9gales<\/h1>\n<p><a class=\"arrow-direction\" href=\"#mentions-legales\">Consultez nos mentions<i class=\"arrow-down\"><\/i><\/a><\/p>\n<\/div>\n[\/az_column_text][\/vc_column][\/vc_row][vc_row section_id=&#8221;mentions-legales&#8221;][vc_column][az_column_text]\n<h2>SITE \u00c9DIT\u00c9 PAR<\/h2>\n<p>Champagne Leroy Meirhaeghe<br \/>\n6, Route Nationale (RD660)<br \/>\n10300 MONTGUEUX<br \/>\nTel : + 33 (0)3 25 80 70 43<\/p>\n<p>SIRET : 503 893 760 00010<br \/>\nIDENTIFIANT TVA FR 21 503 893 760<\/p>\n<p>Responsable de la publication du site : Mme Gabrielle Leroy<\/p>\n<p>Site r\u00e9alis\u00e9 par : IKADIA<br \/>\nSite h\u00e9berg\u00e9 par :<br \/>\nPhotos r\u00e9alis\u00e9s par : Olivier Gobert<\/p>\n<h2>RESPONSABILIT\u00c9S<\/h2>\n<p>Champagne Leroy Meirhaeghe met tous ses moyens en oeuvre pour assurer l\u2019exactitude et la mise \u00e0 jour des informations diffus\u00e9es sur ce site. Champagne Leroy Meirhaeghe se r\u00e9serve le droit de corriger, \u00e0 tout moment et sans pr\u00e9avis, le contenu.<\/p>\n<p>Chaque visiteur assumera l\u2019enti\u00e8re responsabilit\u00e9 du choix des produits relevant des diff\u00e9rentes gammes de produits propos\u00e9es sur ce site. Les renseignements contenus dans ce document sont donn\u00e9s \u00e0 titre indicatif et correspondent \u00e0 nos connaissances actuelles.<\/p>\n<p>Ils ne peuvent en aucun cas engager notre responsabilit\u00e9 en cas d\u2019utilisation non conforme ou inadapt\u00e9e de nos produits (r\u00e8gles de l\u2019art, avis techniques). \u00c9tant donn\u00e9 les multiples possibilit\u00e9s d\u2019emploi, nos recommandations ne dispensent pas les utilisateurs d\u2019effectuer leurs propres essais. Champagne Leroy Meirhaeghe d\u00e9cline toute responsabilit\u00e9 : pour tous dommages r\u00e9sultant d\u2019une intrusion frauduleuse d\u2019un tiers ayant entra\u00een\u00e9 une modification des informations sur le site; et plus g\u00e9n\u00e9ralement pour tous dommages, directs ou indirects, qu\u2019elles qu\u2019en soient les causes, origines, nature ou cons\u00e9quences, provoqu\u00e9s \u00e0 raison de l\u2019acc\u00e8s de quiconque au site ou de l\u2019impossibilit\u00e9 d\u2019y acc\u00e9der.<\/p>\n<h2>PROPRI\u00c9T\u00c9 INTELLECTUELLE ET INDUSTRIELLE<\/h2>\n<p>L\u2019ensemble de ce site rel\u00e8ve de la l\u00e9gislation fran\u00e7aise du droit d\u2019auteur et de la propri\u00e9t\u00e9 intellectuelle. Tous les droits de reproduction sont r\u00e9serv\u00e9s y compris pour les documents t\u00e9l\u00e9chargeables. La reproduction de tout document publi\u00e9 sur ce site est uniquement autoris\u00e9e aux fins exclusives d\u2019information pour un usage personnel. Toute reproduction, exploitation, rediffusion et utilisation de copies r\u00e9alis\u00e9es \u00e0 d\u2019autres fins \u00e9tant express\u00e9ment interdites. Tout lien simple ou hypertexte est strictement interdit sans accord \u00e9crit expr\u00e8s du vendeur.<\/p>\n<p>Champagne Leroy Meirhaeghe collecte des informations pour identifier vos besoins et vous proposer un meilleur service. Les \u00e9l\u00e9ments de statistique nous permettent de mieux comprendre comment les visiteurs interagissent avec notre site.<\/p>\n<h2>TRAITEMENT DES DONN\u00c9ES PERSONNELLES<\/h2>\n<p>En application de la loi n\u00b0 78-17 du 6 janvier 1978 relative \u00e0 l\u2019informatique, aux fichiers et aux libert\u00e9s, vous disposez d\u2019un droit d\u2019acc\u00e8s, de rectification ou de suppression des donn\u00e9es vous concernant. Toute demande en ce sens devra \u00eatre adress\u00e9e \u00e0 :<\/p>\n<p>Champagne Leroy Meirhaeghe, 6 Route Nationale (RD660), 10300 MONTGUEUX FRANCE<\/p>\n<p>Les informations recueillies sur les interfaces du site ne feront jamais l\u2019objet d\u2019une communication ext\u00e9rieure, sauf pour satisfaire aux obligations l\u00e9gales ou r\u00e9glementaires.[\/az_column_text][\/vc_column][\/vc_row]\n","protected":false},"excerpt":{"rendered":"<p>[vc_row section_mode=&#8221;full-screen&#8221; bg_mode=&#8221;custom_image_bg&#8221; image=&#8221;667&#8243; bg_position=&#8221;center center&#8221; bg_repeat=&#8221;stretch&#8221; detect_contrast=&#8221;dark-detect&#8221; bg_attachment=&#8221;fixed&#8221; section_class=&#8221;entete-bloc&#8221;][vc_column el_class=&#8221;home-bloc-col&#8221;][az_column_text] Champagne Leroy-Meirhaeghe Mentions l\u00e9gales Consultez nos mentions [\/az_column_text][\/vc_column][\/vc_row][vc_row section_id=&#8221;mentions-legales&#8221;][vc_column][az_column_text] SITE \u00c9DIT\u00c9 PAR Champagne Leroy Meirhaeghe 6, Route Nationale (RD660) 10300 MONTGUEUX Tel : + 33 (0)3 25 80 70 43 SIRET : 503 893 760 00010 IDENTIFIANT TVA FR 21 503 893 760 Responsable [&hellip;]<\/p>\n","protected":false},"author":1,"featured_media":0,"parent":0,"menu_order":0,"comment_status":"closed","ping_status":"closed","template":"","meta":[],"yoast_head":"<!-- This site is optimized with the Yoast SEO plugin v15.5 - https:\/\/yoast.com\/wordpress\/plugins\/seo\/ -->\n<title>Mentions l\u00e9gales | Champagne Leroy - Meirhaeghe<\/title>\n<meta name=\"description\" content=\"Pour connaitre vos droits sur le site Champagne Leroy - Meirhaeghe, consultez nos mentions l\u00e9gales. Pour plus d&#039;informations, contactez-nous.\" \/>\n<meta name=\"robots\" content=\"index, follow, max-snippet:-1, max-image-preview:large, max-video-preview:-1\" \/>\n<link rel=\"canonical\" href=\"http:\/\/www.champagne-leroy-montgueux.com\/en\/mentions-legales\/\" \/>\n<meta property=\"og:locale\" content=\"en_US\" \/>\n<meta property=\"og:type\" content=\"article\" \/>\n<meta property=\"og:title\" content=\"Mentions l\u00e9gales | Champagne Leroy - Meirhaeghe\" \/>\n<meta property=\"og:description\" content=\"Pour connaitre vos droits sur le site Champagne Leroy - Meirhaeghe, consultez nos mentions l\u00e9gales. Pour plus d&#039;informations, contactez-nous.\" \/>\n<meta property=\"og:url\" content=\"http:\/\/www.champagne-leroy-montgueux.com\/en\/mentions-legales\/\" \/>\n<meta property=\"og:site_name\" content=\"Champagne Leroy Meirhaeghe\" \/>\n<meta property=\"article:modified_time\" content=\"2019-05-29T15:13:02+00:00\" \/>\n<meta name=\"twitter:card\" content=\"summary\" \/>\n<meta name=\"twitter:label1\" content=\"Est. reading time\">\n\t<meta name=\"twitter:data1\" content=\"2 minutes\">\n<script type=\"application\/ld+json\" class=\"yoast-schema-graph\">{\"@context\":\"https:\/\/schema.org\",\"@graph\":[{\"@type\":\"WebSite\",\"@id\":\"http:\/\/www.champagne-leroy-montgueux.com\/#website\",\"url\":\"http:\/\/www.champagne-leroy-montgueux.com\/\",\"name\":\"Champagne Leroy Meirhaeghe\",\"description\":\"Champagne \\u00e0 Montgueux\",\"potentialAction\":[{\"@type\":\"SearchAction\",\"target\":\"http:\/\/www.champagne-leroy-montgueux.com\/?s={search_term_string}\",\"query-input\":\"required name=search_term_string\"}],\"inLanguage\":\"en-US\"},{\"@type\":\"WebPage\",\"@id\":\"http:\/\/www.champagne-leroy-montgueux.com\/en\/mentions-legales\/#webpage\",\"url\":\"http:\/\/www.champagne-leroy-montgueux.com\/en\/mentions-legales\/\",\"name\":\"Mentions l\\u00e9gales | Champagne Leroy - Meirhaeghe\",\"isPartOf\":{\"@id\":\"http:\/\/www.champagne-leroy-montgueux.com\/#website\"},\"datePublished\":\"2017-03-09T10:40:29+00:00\",\"dateModified\":\"2019-05-29T15:13:02+00:00\",\"description\":\"Pour connaitre vos droits sur le site Champagne Leroy - Meirhaeghe, consultez nos mentions l\\u00e9gales. Pour plus d'informations, contactez-nous.\",\"inLanguage\":\"en-US\",\"potentialAction\":[{\"@type\":\"ReadAction\",\"target\":[\"http:\/\/www.champagne-leroy-montgueux.com\/en\/mentions-legales\/\"]}]}]}<\/script>\n<!-- \/ Yoast SEO plugin. -->","_links":{"self":[{"href":"http:\/\/www.champagne-leroy-montgueux.com\/en\/wp-json\/wp\/v2\/pages\/1438"}],"collection":[{"href":"http:\/\/www.champagne-leroy-montgueux.com\/en\/wp-json\/wp\/v2\/pages"}],"about":[{"href":"http:\/\/www.champagne-leroy-montgueux.com\/en\/wp-json\/wp\/v2\/types\/page"}],"author":[{"embeddable":true,"href":"http:\/\/www.champagne-leroy-montgueux.com\/en\/wp-json\/wp\/v2\/users\/1"}],"replies":[{"embeddable":true,"href":"http:\/\/www.champagne-leroy-montgueux.com\/en\/wp-json\/wp\/v2\/comments?post=1438"}],"version-history":[{"count":1,"href":"http:\/\/www.champagne-leroy-montgueux.com\/en\/wp-json\/wp\/v2\/pages\/1438\/revisions"}],"predecessor-version":[{"id":1439,"href":"http:\/\/www.champagne-leroy-montgueux.com\/en\/wp-json\/wp\/v2\/pages\/1438\/revisions\/1439"}],"wp:attachment":[{"href":"http:\/\/www.champagne-leroy-montgueux.com\/en\/wp-json\/wp\/v2\/media?parent=1438"}],"curies":[{"name":"wp","href":"https:\/\/api.w.org\/{rel}","templated":true}]}}